{"id":401,"date":"2020-09-04T07:53:29","date_gmt":"2020-09-04T07:53:29","guid":{"rendered":"http:\/\/lights.gemma-alcala.com\/?page_id=401"},"modified":"2020-10-13T16:42:12","modified_gmt":"2020-10-13T16:42:12","slug":"about-5","status":"publish","type":"page","link":"https:\/\/lights.gemma-alcala.com\/es\/about-5\/","title":{"rendered":"About"},"content":{"rendered":"<div class=\"row\">\n<div class=\"col-md-6\">\n<h3>Qu\u00e9 he hecho<\/h3>\n<p>Soy interiorista por vocaci\u00f3n, aunque, despu\u00e9s de haber finalizado mi Grado en la escuela EINA, me considero dise\u00f1adora de espacios. Consecuentemente, y debido a que no tengo especial miedo a enfrentarme a nuevas situaciones, he podido aplicar mis conocimientos de interiorista a diferentes espacios de car\u00e1cter ef\u00edmero, des de teatro hasta stands.<\/p>\n<p>Gracias a este recorrido tambi\u00e9n he ido tomando conciencia de la importancia de la iluminaci\u00f3n, por lo que me decid\u00ed a realizar un Workshop Internacional en Lighting Design de la mano de ERCO (Lud\u00ebnscheid, Alemania). En 2020, finalizo mi M\u00e1ster en Architectural Lighting Design por la universidad KTH (Royal Institute of Tecnology) de Estocolmo, Suecia.<\/p>\n<h3>Qu\u00e9 hago<\/h3>\n<div id=\"comp-j5liky071\" class=\"txtNew\" data-packed=\"true\">\n<p class=\"font_8\">No quedarme quieta; seguir form\u00e1ndome, aprovechando oportunidades. Colaboro con profesionales del sector y busco proyectos personales en cualquier tipo de espacio.<\/p>\n<h3>Qu\u00e9 me gustar\u00eda hacer<\/h3>\n<p>Contribuir a recalcar la importancia del buen uso de la luz y la iluminaci\u00f3n.<\/p>\n<\/div>\n<p class=\"font_8\">Ampliar conocimientos en materiales y sistemas de construcci\u00f3n<em> ecofriendly,&nbsp;<\/em>&nbsp;saber un poco m\u00e1s de Artes y Humanidades, probar como escen\u00f3grafa en un rodaje, saber de flores y plantas, bailar una coreograf\u00eda de Ariadna Peya, aprender a hacer un cous cous marroqu\u00ed tan rico como el de mi madre&#8230;<\/p>\n<\/div>\n<div class=\"col-md-6\" style=\"margin-top: 30px;\">\n<div class=\"col-md-12\">\n<p><img loading=\"lazy\" class=\"alignnone wp-image-711 size-medium\" src=\"http:\/\/gemma-alcala.com\/wp-content\/uploads\/2020\/09\/G.A.-300x250.jpg\" alt=\"\" width=\"300\" height=\"250\"><\/p>\n<\/div>\n<div class=\"col-md-12\" style=\"margin-top: 30px;\">\n<ul>\n<li><strong>Un llibro :&nbsp;<\/strong>La sombra del viento- Carlos Ruiz Zaf\u00f3n<\/li>\n<li><strong>Una pel\u00edcula:&nbsp;<\/strong>Willow- Ron Howard<\/li>\n<li><strong>Dos:<\/strong> El perfume-&nbsp;Tom Tykwer<\/li>\n<li><strong>Una canci\u00f3n:&nbsp;<\/strong>Bittersweet symphony- The Verve<\/li>\n<li><strong>Un cuadro:<\/strong>&nbsp;El beso- Gustav Klimt<\/li>\n<\/ul>\n<\/div>\n<\/div>\n<\/div>","protected":false},"excerpt":{"rendered":"<p>Qu\u00e9 he hecho Soy interiorista por vocaci\u00f3n, aunque, despu\u00e9s de haber finalizado mi Grado en la escuela EINA, me considero dise\u00f1adora de espacios. Consecuentemente, y debido a que no tengo especial miedo a enfrentarme a nuevas situaciones, he podido aplicar mis conocimientos de interiorista a diferentes espacios de car\u00e1cter ef\u00edmero, des de teatro hasta stands. [&hellip;]<\/p>","protected":false},"author":2,"featured_media":0,"parent":0,"menu_order":0,"comment_status":"closed","ping_status":"closed","template":"","meta":[],"_links":{"self":[{"href":"https:\/\/lights.gemma-alcala.com\/es\/wp-json\/wp\/v2\/pages\/401"}],"collection":[{"href":"https:\/\/lights.gemma-alcala.com\/es\/wp-json\/wp\/v2\/pages"}],"about":[{"href":"https:\/\/lights.gemma-alcala.com\/es\/wp-json\/wp\/v2\/types\/page"}],"author":[{"embeddable":true,"href":"https:\/\/lights.gemma-alcala.com\/es\/wp-json\/wp\/v2\/users\/2"}],"replies":[{"embeddable":true,"href":"https:\/\/lights.gemma-alcala.com\/es\/wp-json\/wp\/v2\/comments?post=401"}],"version-history":[{"count":1,"href":"https:\/\/lights.gemma-alcala.com\/es\/wp-json\/wp\/v2\/pages\/401\/revisions"}],"predecessor-version":[{"id":402,"href":"https:\/\/lights.gemma-alcala.com\/es\/wp-json\/wp\/v2\/pages\/401\/revisions\/402"}],"wp:attachment":[{"href":"https:\/\/lights.gemma-alcala.com\/es\/wp-json\/wp\/v2\/media?parent=401"}],"curies":[{"name":"wp","href":"https:\/\/api.w.org\/{rel}","templated":true}]}}